{"id":132,"date":"2024-12-22T13:04:37","date_gmt":"2024-12-22T12:04:37","guid":{"rendered":"https:\/\/triatlon-istra.com\/?page_id=132"},"modified":"2025-03-09T17:46:36","modified_gmt":"2025-03-09T16:46:36","slug":"mini-akvatlon-md","status":"publish","type":"page","link":"https:\/\/triatlon-istra.com\/en\/trase\/mini-akvatlon-md\/","title":{"rendered":"Mini aquathlon MD"},"content":{"rendered":"<h2 class=\"wp-block-heading\">Swim: 200 m<\/h2>\n\n\n\n<figure class=\"wp-block-image size-large\"><img data-recalc-dims=\"1\" loading=\"lazy\" decoding=\"async\" width=\"1200\" height=\"630\" data-attachment-id=\"78\" data-permalink=\"https:\/\/triatlon-istra.com\/en\/tpi2025-miniakvatlon_md-2\/\" data-orig-file=\"https:\/\/i0.wp.com\/triatlon-istra.com\/wp-content\/uploads\/2024\/12\/tpi2025-miniakvatlon_md-2.png?fit=1200%2C630&amp;ssl=1\" data-orig-size=\"1200,630\" data-comments-opened=\"1\" data-image-meta=\"{&quot;aperture&quot;:&quot;0&quot;,&quot;credit&quot;:&quot;&quot;,&quot;camera&quot;:&quot;&quot;,&quot;caption&quot;:&quot;&quot;,&quot;created_timestamp&quot;:&quot;0&quot;,&quot;copyright&quot;:&quot;&quot;,&quot;focal_length&quot;:&quot;0&quot;,&quot;iso&quot;:&quot;0&quot;,&quot;shutter_speed&quot;:&quot;0&quot;,&quot;title&quot;:&quot;&quot;,&quot;orientation&quot;:&quot;0&quot;}\" data-image-title=\"TPI2025-miniakvatlon_MD-2\" data-image-description=\"\" data-image-caption=\"\" data-medium-file=\"https:\/\/i0.wp.com\/triatlon-istra.com\/wp-content\/uploads\/2024\/12\/tpi2025-miniakvatlon_md-2.png?fit=300%2C158&amp;ssl=1\" data-large-file=\"https:\/\/i0.wp.com\/triatlon-istra.com\/wp-content\/uploads\/2024\/12\/tpi2025-miniakvatlon_md-2.png?fit=1024%2C538&amp;ssl=1\" src=\"https:\/\/i0.wp.com\/triatlon-istra.com\/wp-content\/uploads\/2024\/12\/tpi2025-miniakvatlon_md-2.png?resize=1200%2C630&#038;ssl=1\" alt=\"\" class=\"wp-image-78\"\/><\/figure>\n\n\n\n<ul class=\"wp-block-list\">\n<li>start in water, swimming to the peninsula and back<\/li>\n<\/ul>\n\n\n\n<p class=\"wp-block-paragraph\"><a href=\"https:\/\/www.plotaroute.com\/route\/2832510?units=km\" target=\"_blank\" rel=\"noreferrer noopener\">LINK TO MINI AQUATHLON YOUNGER BOYS AND GIRLS SWIM RACE COURSE<\/a><\/p>\n\n\n\n<h2 class=\"wp-block-heading\">Tek: 800 m<\/h2>\n\n\n\n<figure class=\"wp-block-image size-large\"><img data-recalc-dims=\"1\" loading=\"lazy\" decoding=\"async\" width=\"1024\" height=\"538\" data-attachment-id=\"286\" data-permalink=\"https:\/\/triatlon-istra.com\/en\/trase\/mini-akvatlon-md\/mini-akvatlon-md-2\/\" data-orig-file=\"https:\/\/i0.wp.com\/triatlon-istra.com\/wp-content\/uploads\/2025\/03\/Mini-Akvatlon-MD.png?fit=1200%2C630&amp;ssl=1\" data-orig-size=\"1200,630\" data-comments-opened=\"1\" data-image-meta=\"{&quot;aperture&quot;:&quot;0&quot;,&quot;credit&quot;:&quot;&quot;,&quot;camera&quot;:&quot;&quot;,&quot;caption&quot;:&quot;&quot;,&quot;created_timestamp&quot;:&quot;0&quot;,&quot;copyright&quot;:&quot;&quot;,&quot;focal_length&quot;:&quot;0&quot;,&quot;iso&quot;:&quot;0&quot;,&quot;shutter_speed&quot;:&quot;0&quot;,&quot;title&quot;:&quot;&quot;,&quot;orientation&quot;:&quot;0&quot;}\" data-image-title=\"Mini Akvatlon MD\" data-image-description=\"\" data-image-caption=\"\" data-medium-file=\"https:\/\/i0.wp.com\/triatlon-istra.com\/wp-content\/uploads\/2025\/03\/Mini-Akvatlon-MD.png?fit=300%2C158&amp;ssl=1\" data-large-file=\"https:\/\/i0.wp.com\/triatlon-istra.com\/wp-content\/uploads\/2025\/03\/Mini-Akvatlon-MD.png?fit=1024%2C538&amp;ssl=1\" src=\"https:\/\/i0.wp.com\/triatlon-istra.com\/wp-content\/uploads\/2025\/03\/Mini-Akvatlon-MD.png?resize=1024%2C538&#038;ssl=1\" alt=\"\" class=\"wp-image-286\" srcset=\"https:\/\/i0.wp.com\/triatlon-istra.com\/wp-content\/uploads\/2025\/03\/Mini-Akvatlon-MD.png?resize=1024%2C538&amp;ssl=1 1024w, https:\/\/i0.wp.com\/triatlon-istra.com\/wp-content\/uploads\/2025\/03\/Mini-Akvatlon-MD.png?resize=300%2C158&amp;ssl=1 300w, https:\/\/i0.wp.com\/triatlon-istra.com\/wp-content\/uploads\/2025\/03\/Mini-Akvatlon-MD.png?resize=768%2C403&amp;ssl=1 768w, https:\/\/i0.wp.com\/triatlon-istra.com\/wp-content\/uploads\/2025\/03\/Mini-Akvatlon-MD.png?resize=18%2C9&amp;ssl=1 18w, https:\/\/i0.wp.com\/triatlon-istra.com\/wp-content\/uploads\/2025\/03\/Mini-Akvatlon-MD.png?w=1200&amp;ssl=1 1200w\" sizes=\"auto, (max-width: 1000px) 100vw, 1000px\" \/><\/figure>\n\n\n\n<ul class=\"wp-block-list\">\n<li>1 lap<\/li>\n\n\n\n<li>running on the left side<\/li>\n<\/ul>\n\n\n\n<p class=\"wp-block-paragraph\"><a href=\"https:\/\/www.plotaroute.com\/route\/2903446?units=km\" target=\"_blank\" rel=\"noreferrer noopener\">LINK TO MINI AQUATHLON YOUNGER BOYS AND GIRLS RUN COURSE MAP<\/a><\/p>\n\n\n\n<p class=\"wp-block-paragraph\"><\/p>","protected":false},"excerpt":{"rendered":"<p>Plavanje: 200 m POVEZAVA MINI AKVATLON MLAJ\u0160I DE\u010cKI IN DEKLICE PLAVANJE Tek: 800 m POVEZAVA MINI AKVATLON MLAJ\u0160I DE\u010cKI IN DEKLICE TEK<\/p>","protected":false},"author":257275378,"featured_media":137,"parent":151,"menu_order":0,"comment_status":"closed","ping_status":"closed","template":"","meta":{"_crdt_document":"","advanced_seo_description":"","jetpack_seo_html_title":"","jetpack_seo_noindex":false,"jetpack_post_was_ever_published":false,"footnotes":""},"class_list":["post-132","page","type-page","status-publish","has-post-thumbnail","hentry"],"jetpack_likes_enabled":true,"jetpack_sharing_enabled":true,"jetpack_shortlink":"https:\/\/wp.me\/PgfrSy-28","jetpack-related-posts":[],"_links":{"self":[{"href":"https:\/\/triatlon-istra.com\/en\/wp-json\/wp\/v2\/pages\/132","targetHints":{"allow":["GET"]}}],"collection":[{"href":"https:\/\/triatlon-istra.com\/en\/wp-json\/wp\/v2\/pages"}],"about":[{"href":"https:\/\/triatlon-istra.com\/en\/wp-json\/wp\/v2\/types\/page"}],"author":[{"embeddable":true,"href":"https:\/\/triatlon-istra.com\/en\/wp-json\/wp\/v2\/users\/257275378"}],"replies":[{"embeddable":true,"href":"https:\/\/triatlon-istra.com\/en\/wp-json\/wp\/v2\/comments?post=132"}],"version-history":[{"count":5,"href":"https:\/\/triatlon-istra.com\/en\/wp-json\/wp\/v2\/pages\/132\/revisions"}],"predecessor-version":[{"id":287,"href":"https:\/\/triatlon-istra.com\/en\/wp-json\/wp\/v2\/pages\/132\/revisions\/287"}],"up":[{"embeddable":true,"href":"https:\/\/triatlon-istra.com\/en\/wp-json\/wp\/v2\/pages\/151"}],"wp:featuredmedia":[{"embeddable":true,"href":"https:\/\/triatlon-istra.com\/en\/wp-json\/wp\/v2\/media\/137"}],"wp:attachment":[{"href":"https:\/\/triatlon-istra.com\/en\/wp-json\/wp\/v2\/media?parent=132"}],"curies":[{"name":"wp","href":"https:\/\/api.w.org\/{rel}","templated":true}]}}