{"id":207,"date":"2024-12-22T16:57:12","date_gmt":"2024-12-22T15:57:12","guid":{"rendered":"https:\/\/triatlon-istra.com\/?page_id=207"},"modified":"2024-12-22T16:57:12","modified_gmt":"2024-12-22T15:57:12","slug":"prvi-triatlon","status":"publish","type":"page","link":"https:\/\/triatlon-istra.com\/en\/prvi-triatlon\/","title":{"rendered":"First triathlon"},"content":{"rendered":"<p class=\"wp-block-paragraph\">For anyone who is still not sure if they should dive into the world of triathlon: a bit of consolation. Most of us are here, because we were not good for a single sport and we are rather average in three. \ud83d\ude42<\/p>\n\n\n\n<p class=\"wp-block-paragraph\">Triathlon merges three different sports into one, however by choosing the right race it is no harder than any other recreaional event. <\/p>\n\n\n\n<p class=\"wp-block-paragraph\">Specifically for this purpose, we created a category TRIATHLON FOR ANYONE, which enables that anyone who is interested in the sport, can try it. It involves 300 m of swimming, 10 km of cycling and 2.3 km of running. <\/p>\n\n\n\n<h3 class=\"wp-block-heading\">EQUIPMENT<\/h3>\n\n\n\n<ul class=\"wp-block-list\">\n<li>swim goggles<\/li>\n\n\n\n<li>swim cap<\/li>\n\n\n\n<li>optional: wetsuit<\/li>\n\n\n\n<li>bicycle (without aero bars)<\/li>\n\n\n\n<li>helmet<\/li>\n\n\n\n<li>optional: cycling shoes<\/li>\n\n\n\n<li>optionl: cycling glasses<\/li>\n\n\n\n<li>running shoes<\/li>\n\n\n\n<li>optional: triathlon suit<\/li>\n\n\n\n<li>timing chip - you will receive it at registrations<\/li>\n<\/ul>\n\n\n\n<h3 class=\"wp-block-heading\">CHANGING DISCIPLINES<\/h3>\n\n\n\n<figure class=\"wp-block-gallery has-nested-images columns-default is-cropped wp-block-gallery-1 is-layout-flex wp-block-gallery-is-layout-flex\">\n<figure class=\"wp-block-image size-large\"><img data-recalc-dims=\"1\" loading=\"lazy\" decoding=\"async\" width=\"2000\" height=\"1333\" data-attachment-id=\"31\" data-permalink=\"https:\/\/triatlon-istra.com\/en\/287879541_2837106506435165_8273090726269168353_n\/\" data-orig-file=\"https:\/\/i0.wp.com\/triatlon-istra.com\/wp-content\/uploads\/2024\/12\/287879541_2837106506435165_8273090726269168353_n.jpg?fit=2000%2C1333&amp;ssl=1\" data-orig-size=\"2000,1333\" data-comments-opened=\"1\" data-image-meta=\"{&quot;aperture&quot;:&quot;0&quot;,&quot;credit&quot;:&quot;&quot;,&quot;camera&quot;:&quot;&quot;,&quot;caption&quot;:&quot;&quot;,&quot;created_timestamp&quot;:&quot;0&quot;,&quot;copyright&quot;:&quot;&quot;,&quot;focal_length&quot;:&quot;0&quot;,&quot;iso&quot;:&quot;0&quot;,&quot;shutter_speed&quot;:&quot;0&quot;,&quot;title&quot;:&quot;&quot;,&quot;orientation&quot;:&quot;0&quot;}\" data-image-title=\"287879541_2837106506435165_8273090726269168353_n\" data-image-description=\"\" data-image-caption=\"\" data-medium-file=\"https:\/\/i0.wp.com\/triatlon-istra.com\/wp-content\/uploads\/2024\/12\/287879541_2837106506435165_8273090726269168353_n.jpg?fit=300%2C200&amp;ssl=1\" data-large-file=\"https:\/\/i0.wp.com\/triatlon-istra.com\/wp-content\/uploads\/2024\/12\/287879541_2837106506435165_8273090726269168353_n.jpg?fit=1024%2C682&amp;ssl=1\" data-id=\"31\" src=\"https:\/\/i0.wp.com\/triatlon-istra.com\/wp-content\/uploads\/2024\/12\/287879541_2837106506435165_8273090726269168353_n.jpg?resize=2000%2C1333&#038;ssl=1\" alt=\"\" class=\"wp-image-31\" \/><\/figure>\n<\/figure>\n\n\n\n<p class=\"wp-block-paragraph\">Changes of disciplines happen in the transition zone. For many, this is the fourth discipline. <\/p>\n\n\n\n<p class=\"wp-block-paragraph\">Even before the race, you leave your cycling and running equipment in the transition zone. <\/p>\n\n\n\n<p class=\"wp-block-paragraph\">Transition zone is designed in a way that each runs the same distance, so entry and exit are precisely defined. <\/p>\n\n\n\n<p class=\"wp-block-paragraph\">After swim leg of the race, you enter into transition zone and reach your bike. You leave your swim equipment there and put on the helmet. Before you take the bike, the helmet has to be fastened and secured on your head. <\/p>\n\n\n\n<p class=\"wp-block-paragraph\">You take the bike and walk \/ run with it out of the transition zone to the mount line marked by the judges. You can start cycling only after the mount line. <\/p>\n\n\n\n<p class=\"wp-block-paragraph\">When you finish cycling, you go off the bike before the dismount line. Your helmet has to remain secured and you walk \/ run your bike to your spot in the transition zone. <\/p>\n\n\n\n<p class=\"wp-block-paragraph\">You leave the bike and change the shoes so you have your running shoes on you. <\/p>\n\n\n\n<p class=\"wp-block-paragraph\">You leave the transition zone and start running. In the end you cross the finish line, <\/p>\n\n\n\n<h3 class=\"wp-block-heading\">CYCLING<\/h3>\n\n\n\n<figure class=\"wp-block-image size-large\"><img data-recalc-dims=\"1\" loading=\"lazy\" decoding=\"async\" width=\"2000\" height=\"1333\" data-attachment-id=\"48\" data-permalink=\"https:\/\/triatlon-istra.com\/en\/288070512_2837104333102049_469031232591794042_n\/\" data-orig-file=\"https:\/\/i0.wp.com\/triatlon-istra.com\/wp-content\/uploads\/2024\/12\/288070512_2837104333102049_469031232591794042_n.jpg?fit=2000%2C1333&amp;ssl=1\" data-orig-size=\"2000,1333\" data-comments-opened=\"1\" data-image-meta=\"{&quot;aperture&quot;:&quot;0&quot;,&quot;credit&quot;:&quot;&quot;,&quot;camera&quot;:&quot;&quot;,&quot;caption&quot;:&quot;&quot;,&quot;created_timestamp&quot;:&quot;0&quot;,&quot;copyright&quot;:&quot;&quot;,&quot;focal_length&quot;:&quot;0&quot;,&quot;iso&quot;:&quot;0&quot;,&quot;shutter_speed&quot;:&quot;0&quot;,&quot;title&quot;:&quot;&quot;,&quot;orientation&quot;:&quot;0&quot;}\" data-image-title=\"288070512_2837104333102049_469031232591794042_n\" data-image-description=\"\" data-image-caption=\"\" data-medium-file=\"https:\/\/i0.wp.com\/triatlon-istra.com\/wp-content\/uploads\/2024\/12\/288070512_2837104333102049_469031232591794042_n.jpg?fit=300%2C200&amp;ssl=1\" data-large-file=\"https:\/\/i0.wp.com\/triatlon-istra.com\/wp-content\/uploads\/2024\/12\/288070512_2837104333102049_469031232591794042_n.jpg?fit=1024%2C682&amp;ssl=1\" src=\"https:\/\/i0.wp.com\/triatlon-istra.com\/wp-content\/uploads\/2024\/12\/288070512_2837104333102049_469031232591794042_n.jpg?resize=2000%2C1333&#038;ssl=1\" alt=\"\" class=\"wp-image-48\" \/><\/figure>\n\n\n\n<p class=\"wp-block-paragraph\">You can start cycling only after the mount line and when you are returning, you have to dismount before the dismount line. <\/p>\n\n\n\n<p class=\"wp-block-paragraph\">Draft cycling is allowed at the Triathlon Istria Cup. <\/p>\n\n\n\n<p class=\"wp-block-paragraph\">The course is flat, on asphalt.<\/p>\n\n\n\n<p class=\"wp-block-paragraph\">There is no technical support available, you have to take care of defects on your own. <\/p>\n\n\n\n<h3 class=\"wp-block-heading\">NO LITTERING<\/h3>\n\n\n\n<p class=\"wp-block-paragraph\">Littering is strictly prohibited. The exception is the litter zone around the refreshment point in the running leg of the race.<\/p>\n\n\n\n<h3 class=\"wp-block-heading\">PENALTY BOX<\/h3>\n\n\n\n<p class=\"wp-block-paragraph\">If the judges caught you when you were breaking the rules, a penalty time will be given to you. You have to wait for the defined minutes in the penalty box. The whiteboard will have your number and the time. You sit next to it and wait for the time to pass.<\/p>\n\n\n\n<h3 class=\"wp-block-heading\">DO NOT FORGET TO SMILE<\/h3>\n\n\n\n<figure class=\"wp-block-image size-large\"><img data-recalc-dims=\"1\" loading=\"lazy\" decoding=\"async\" width=\"2000\" height=\"1333\" data-attachment-id=\"55\" data-permalink=\"https:\/\/triatlon-istra.com\/en\/288279801_2837110429768106_9159866322047459798_n\/\" data-orig-file=\"https:\/\/i0.wp.com\/triatlon-istra.com\/wp-content\/uploads\/2024\/12\/288279801_2837110429768106_9159866322047459798_n.jpg?fit=2000%2C1333&amp;ssl=1\" data-orig-size=\"2000,1333\" data-comments-opened=\"1\" data-image-meta=\"{&quot;aperture&quot;:&quot;0&quot;,&quot;credit&quot;:&quot;&quot;,&quot;camera&quot;:&quot;&quot;,&quot;caption&quot;:&quot;&quot;,&quot;created_timestamp&quot;:&quot;0&quot;,&quot;copyright&quot;:&quot;&quot;,&quot;focal_length&quot;:&quot;0&quot;,&quot;iso&quot;:&quot;0&quot;,&quot;shutter_speed&quot;:&quot;0&quot;,&quot;title&quot;:&quot;&quot;,&quot;orientation&quot;:&quot;0&quot;}\" data-image-title=\"288279801_2837110429768106_9159866322047459798_n\" data-image-description=\"\" data-image-caption=\"\" data-medium-file=\"https:\/\/i0.wp.com\/triatlon-istra.com\/wp-content\/uploads\/2024\/12\/288279801_2837110429768106_9159866322047459798_n.jpg?fit=300%2C200&amp;ssl=1\" data-large-file=\"https:\/\/i0.wp.com\/triatlon-istra.com\/wp-content\/uploads\/2024\/12\/288279801_2837110429768106_9159866322047459798_n.jpg?fit=1024%2C682&amp;ssl=1\" src=\"https:\/\/i0.wp.com\/triatlon-istra.com\/wp-content\/uploads\/2024\/12\/288279801_2837110429768106_9159866322047459798_n.jpg?resize=2000%2C1333&#038;ssl=1\" alt=\"\" class=\"wp-image-55\" \/><\/figure>\n\n\n\n<p class=\"wp-block-paragraph\">Photographers will be present on the course, so do not forget to smile! <\/p>\n\n\n\n<h3 class=\"wp-block-heading\">MEETING BEFORE THE RACE<\/h3>\n\n\n\n<p class=\"wp-block-paragraph\">The judges will explain the race course and all specificities before the race, so do not worry. <\/p>\n\n\n\n<div style=\"height:100px\" aria-hidden=\"true\" class=\"wp-block-spacer\"><\/div>\n\n\n\n<div class=\"wp-block-cover alignfull is-light has-base-color has-text-color\" style=\"border-style:none;border-width:0px;margin-top:0px;margin-bottom:0px;padding-top:var(--wp--preset--spacing--50);padding-right:0;padding-bottom:var(--wp--preset--spacing--50);padding-left:0;min-height:70vh;aspect-ratio:unset;\"><img data-recalc-dims=\"1\" loading=\"lazy\" decoding=\"async\" width=\"2000\" height=\"1333\" data-attachment-id=\"34\" data-permalink=\"https:\/\/triatlon-istra.com\/en\/287912974_2837099399769209_2384689694851942658_n\/\" data-orig-file=\"https:\/\/i0.wp.com\/triatlon-istra.com\/wp-content\/uploads\/2024\/12\/287912974_2837099399769209_2384689694851942658_n.jpg?fit=2000%2C1333&amp;ssl=1\" data-orig-size=\"2000,1333\" data-comments-opened=\"1\" data-image-meta=\"{&quot;aperture&quot;:&quot;0&quot;,&quot;credit&quot;:&quot;&quot;,&quot;camera&quot;:&quot;&quot;,&quot;caption&quot;:&quot;&quot;,&quot;created_timestamp&quot;:&quot;0&quot;,&quot;copyright&quot;:&quot;&quot;,&quot;focal_length&quot;:&quot;0&quot;,&quot;iso&quot;:&quot;0&quot;,&quot;shutter_speed&quot;:&quot;0&quot;,&quot;title&quot;:&quot;&quot;,&quot;orientation&quot;:&quot;0&quot;}\" data-image-title=\"287912974_2837099399769209_2384689694851942658_n\" data-image-description=\"\" data-image-caption=\"\" data-medium-file=\"https:\/\/i0.wp.com\/triatlon-istra.com\/wp-content\/uploads\/2024\/12\/287912974_2837099399769209_2384689694851942658_n.jpg?fit=300%2C200&amp;ssl=1\" data-large-file=\"https:\/\/i0.wp.com\/triatlon-istra.com\/wp-content\/uploads\/2024\/12\/287912974_2837099399769209_2384689694851942658_n.jpg?fit=1024%2C682&amp;ssl=1\" class=\"wp-block-cover__image-background wp-image-34 size-large\" alt=\"\" src=\"https:\/\/i0.wp.com\/triatlon-istra.com\/wp-content\/uploads\/2024\/12\/287912974_2837099399769209_2384689694851942658_n.jpg?resize=2000%2C1333&#038;ssl=1\" style=\"object-position:88% 70%\" data-object-fit=\"cover\" data-object-position=\"88% 70%\" \/><span aria-hidden=\"true\" class=\"wp-block-cover__background has-background-dim-20 has-background-dim\" style=\"background-color:#181c35\"><\/span><div class=\"wp-block-cover__inner-container has-global-padding is-layout-constrained wp-container-core-cover-is-layout-062f1cdc wp-block-cover-is-layout-constrained\">\n<div class=\"wp-block-group alignwide has-global-padding is-content-justification-left is-layout-constrained wp-container-core-group-is-layout-7f3307cc wp-block-group-is-layout-constrained\">\n<div class=\"wp-block-group has-border-color has-base-border-color is-vertical is-content-justification-left is-layout-flex wp-container-core-group-is-layout-d5c41906 wp-block-group-is-layout-flex\" style=\"border-width:1px;padding-top:var(--wp--preset--spacing--60);padding-right:var(--wp--preset--spacing--60);padding-bottom:var(--wp--preset--spacing--60);padding-left:var(--wp--preset--spacing--60)\">\n<div class=\"wp-block-group is-vertical is-layout-flex wp-container-core-group-is-layout-1454fb31 wp-block-group-is-layout-flex\">\n<h2 class=\"wp-block-heading has-text-align-left has-xxx-large-font-size\">READY?<\/h2>\n\n\n\n<p class=\"has-text-align-left wp-block-paragraph\">Register below:<\/p>\n<\/div>\n\n\n\n<div class=\"wp-block-group is-nowrap is-layout-flex wp-container-core-group-is-layout-e7f864c9 wp-block-group-is-layout-flex\">\n<div class=\"wp-block-buttons is-content-justification-center is-layout-flex wp-container-core-buttons-is-layout-ee856660 wp-block-buttons-is-layout-flex\">\n<div class=\"wp-block-button is-style-fill\"><a class=\"wp-block-button__link has-contrast-color has-secondary-background-color has-text-color has-background has-link-color wp-element-button\">Register<\/a><\/div>\n<\/div>\n<\/div>\n<\/div>\n<\/div>\n<\/div><\/div>\n\n\n\n<p class=\"wp-block-paragraph\"><\/p>","protected":false},"excerpt":{"rendered":"<p>Za vse, ki \u0161e niste prepri\u010dani, \u010de bi se podali v svet triatlona: malo tola\u017ebe. Ve\u010dina nas je tukaj, ker nismo bili dovolj dobri za posamezni \u0161port, pa smo raje povpre\u010dni v treh. \ud83d\ude42 Triatlon zdru\u017euje tri razli\u010dne \u0161porte v naravi v celoto, z izbiro prave trase pa ni ni\u010d huj\u0161i od drugih rekreativnih prireditev. [&hellip;]<\/p>\n","protected":false},"author":257275378,"featured_media":39,"parent":0,"menu_order":0,"comment_status":"closed","ping_status":"closed","template":"","meta":{"_crdt_document":"","advanced_seo_description":"","jetpack_seo_html_title":"","jetpack_seo_noindex":false,"jetpack_post_was_ever_published":false,"footnotes":""},"class_list":["post-207","page","type-page","status-publish","has-post-thumbnail","hentry"],"jetpack_likes_enabled":true,"jetpack_sharing_enabled":true,"jetpack_shortlink":"https:\/\/wp.me\/PgfrSy-3l","jetpack-related-posts":[],"_links":{"self":[{"href":"https:\/\/triatlon-istra.com\/en\/wp-json\/wp\/v2\/pages\/207","targetHints":{"allow":["GET"]}}],"collection":[{"href":"https:\/\/triatlon-istra.com\/en\/wp-json\/wp\/v2\/pages"}],"about":[{"href":"https:\/\/triatlon-istra.com\/en\/wp-json\/wp\/v2\/types\/page"}],"author":[{"embeddable":true,"href":"https:\/\/triatlon-istra.com\/en\/wp-json\/wp\/v2\/users\/257275378"}],"replies":[{"embeddable":true,"href":"https:\/\/triatlon-istra.com\/en\/wp-json\/wp\/v2\/comments?post=207"}],"version-history":[{"count":16,"href":"https:\/\/triatlon-istra.com\/en\/wp-json\/wp\/v2\/pages\/207\/revisions"}],"predecessor-version":[{"id":223,"href":"https:\/\/triatlon-istra.com\/en\/wp-json\/wp\/v2\/pages\/207\/revisions\/223"}],"wp:featuredmedia":[{"embeddable":true,"href":"https:\/\/triatlon-istra.com\/en\/wp-json\/wp\/v2\/media\/39"}],"wp:attachment":[{"href":"https:\/\/triatlon-istra.com\/en\/wp-json\/wp\/v2\/media?parent=207"}],"curies":[{"name":"wp","href":"https:\/\/api.w.org\/{rel}","templated":true}]}}